{"id":119,"date":"2021-01-28T09:57:01","date_gmt":"2021-01-28T11:57:01","guid":{"rendered":"https:\/\/boksofederacija.e-lietuva.lt\/?page_id=119"},"modified":"2025-07-04T03:45:28","modified_gmt":"2025-07-04T05:45:28","slug":"nariai","status":"publish","type":"page","link":"https:\/\/boksofederacija.lt\/en\/nariai\/","title":{"rendered":"Nariai"},"content":{"rendered":"<p>LIETUVOS BOKSO FEDERACIJOS<br \/>\nNARI\u0172 S\u0104RA\u0160AS (ATNAUJINTA 2020-09-04)<\/p>\n","protected":false},"excerpt":{"rendered":"<p>LIETUVOS BOKSO FEDERACIJOS NARI\u0172 S\u0104RA\u0160AS (ATNAUJINTA 2020-09-04)<\/p>\n","protected":false},"author":1,"featured_media":0,"parent":0,"menu_order":0,"comment_status":"closed","ping_status":"closed","template":"page-nariai.php","meta":{"footnotes":""},"acf":[],"_links":{"self":[{"href":"https:\/\/boksofederacija.lt\/en\/wp-json\/wp\/v2\/pages\/119"}],"collection":[{"href":"https:\/\/boksofederacija.lt\/en\/wp-json\/wp\/v2\/pages"}],"about":[{"href":"https:\/\/boksofederacija.lt\/en\/wp-json\/wp\/v2\/types\/page"}],"author":[{"embeddable":true,"href":"https:\/\/boksofederacija.lt\/en\/wp-json\/wp\/v2\/users\/1"}],"replies":[{"embeddable":true,"href":"https:\/\/boksofederacija.lt\/en\/wp-json\/wp\/v2\/comments?post=119"}],"version-history":[{"count":16,"href":"https:\/\/boksofederacija.lt\/en\/wp-json\/wp\/v2\/pages\/119\/revisions"}],"predecessor-version":[{"id":17877,"href":"https:\/\/boksofederacija.lt\/en\/wp-json\/wp\/v2\/pages\/119\/revisions\/17877"}],"wp:attachment":[{"href":"https:\/\/boksofederacija.lt\/en\/wp-json\/wp\/v2\/media?parent=119"}],"curies":[{"name":"wp","href":"https:\/\/api.w.org\/{rel}","templated":true}]}}