{"id":168,"date":"2021-01-29T09:16:36","date_gmt":"2021-01-29T11:16:36","guid":{"rendered":"https:\/\/boksofederacija.e-lietuva.lt\/?page_id=168"},"modified":"2026-04-09T17:10:38","modified_gmt":"2026-04-09T19:10:38","slug":"posedziu-protokolai","status":"publish","type":"page","link":"https:\/\/boksofederacija.lt\/en\/posedziu-protokolai\/","title":{"rendered":"Pos\u0117d\u017ei\u0173 protokolai"},"content":{"rendered":"","protected":false},"excerpt":{"rendered":"","protected":false},"author":1,"featured_media":0,"parent":0,"menu_order":0,"comment_status":"closed","ping_status":"closed","template":"page-rezultatai.php","meta":{"footnotes":""},"acf":[],"_links":{"self":[{"href":"https:\/\/boksofederacija.lt\/en\/wp-json\/wp\/v2\/pages\/168"}],"collection":[{"href":"https:\/\/boksofederacija.lt\/en\/wp-json\/wp\/v2\/pages"}],"about":[{"href":"https:\/\/boksofederacija.lt\/en\/wp-json\/wp\/v2\/types\/page"}],"author":[{"embeddable":true,"href":"https:\/\/boksofederacija.lt\/en\/wp-json\/wp\/v2\/users\/1"}],"replies":[{"embeddable":true,"href":"https:\/\/boksofederacija.lt\/en\/wp-json\/wp\/v2\/comments?post=168"}],"version-history":[{"count":52,"href":"https:\/\/boksofederacija.lt\/en\/wp-json\/wp\/v2\/pages\/168\/revisions"}],"predecessor-version":[{"id":18718,"href":"https:\/\/boksofederacija.lt\/en\/wp-json\/wp\/v2\/pages\/168\/revisions\/18718"}],"wp:attachment":[{"href":"https:\/\/boksofederacija.lt\/en\/wp-json\/wp\/v2\/media?parent=168"}],"curies":[{"name":"wp","href":"https:\/\/api.w.org\/{rel}","templated":true}]}}